{"id":3840,"date":"2023-09-06T11:49:43","date_gmt":"2023-09-06T11:49:43","guid":{"rendered":"https:\/\/rosemariepoiarkov.net\/?page_id=3840"},"modified":"2023-10-10T17:11:27","modified_gmt":"2023-10-10T17:11:27","slug":"vor-dem-sommer-leseprobe-eine-cd-lang","status":"publish","type":"page","link":"https:\/\/rosemariepoiarkov.net\/index.php\/eine-cd-lang-liebesgeschichten\/vor-dem-sommer-leseprobe-eine-cd-lang\/","title":{"rendered":"Vor dem Sommer (Leseprobe &#8222;Eine CD lang&#8220;)"},"content":{"rendered":"\t\t<div data-elementor-type=\"wp-page\" data-elementor-id=\"3840\" class=\"elementor elementor-3840\">\n\t\t\t\t\t\t<section class=\"elementor-section elementor-top-section elementor-element elementor-element-0a9f51e elementor-section-boxed elementor-section-height-default elementor-section-height-default\" data-id=\"0a9f51e\" data-element_type=\"section\" data-e-type=\"section\">\n\t\t\t\t\t\t<div class=\"elementor-container elementor-column-gap-default\">\n\t\t\t\t\t<div class=\"elementor-column elementor-col-100 elementor-top-column elementor-element elementor-element-6893a06\" data-id=\"6893a06\" data-element_type=\"column\" data-e-type=\"column\">\n\t\t\t<div class=\"elementor-widget-wrap elementor-element-populated\">\n\t\t\t\t\t\t<div class=\"elementor-element elementor-element-cca1095 elementor-widget elementor-widget-image\" data-id=\"cca1095\" data-element_type=\"widget\" data-e-type=\"widget\" data-widget_type=\"image.default\">\n\t\t\t\t<div class=\"elementor-widget-container\">\n\t\t\t\t\t\t\t\t\t\t\t\t\t\t\t<img fetchpriority=\"high\" decoding=\"async\" width=\"1024\" height=\"899\" src=\"https:\/\/rosemariepoiarkov.net\/wp-content\/uploads\/2023\/09\/0001-1024x899.jpg\" class=\"attachment-large size-large wp-image-3842\" alt=\"Leseprobe &quot;Eine CD lang&quot; - &quot;Vor dem Sommer&quot;\" srcset=\"https:\/\/rosemariepoiarkov.net\/wp-content\/uploads\/2023\/09\/0001-1024x899.jpg 1024w, https:\/\/rosemariepoiarkov.net\/wp-content\/uploads\/2023\/09\/0001-300x263.jpg 300w, https:\/\/rosemariepoiarkov.net\/wp-content\/uploads\/2023\/09\/0001-768x674.jpg 768w, https:\/\/rosemariepoiarkov.net\/wp-content\/uploads\/2023\/09\/0001-1536x1349.jpg 1536w, https:\/\/rosemariepoiarkov.net\/wp-content\/uploads\/2023\/09\/0001-2048x1798.jpg 2048w\" sizes=\"(max-width: 1024px) 100vw, 1024px\" \/>\t\t\t\t\t\t\t\t\t\t\t\t\t\t\t<\/div>\n\t\t\t\t<\/div>\n\t\t\t\t\t<\/div>\n\t\t<\/div>\n\t\t\t\t\t<\/div>\n\t\t<\/section>\n\t\t\t\t<section class=\"elementor-section elementor-top-section elementor-element elementor-element-629aa4a elementor-section-boxed elementor-section-height-default elementor-section-height-default\" data-id=\"629aa4a\" data-element_type=\"section\" data-e-type=\"section\">\n\t\t\t\t\t\t<div class=\"elementor-container elementor-column-gap-default\">\n\t\t\t\t\t<div class=\"elementor-column elementor-col-100 elementor-top-column elementor-element elementor-element-3834820\" data-id=\"3834820\" data-element_type=\"column\" data-e-type=\"column\">\n\t\t\t<div class=\"elementor-widget-wrap elementor-element-populated\">\n\t\t\t\t\t\t<div class=\"elementor-element elementor-element-4791a71 elementor-widget elementor-widget-image\" data-id=\"4791a71\" data-element_type=\"widget\" data-e-type=\"widget\" data-widget_type=\"image.default\">\n\t\t\t\t<div class=\"elementor-widget-container\">\n\t\t\t\t\t\t\t\t\t\t\t\t\t\t\t<img decoding=\"async\" width=\"1024\" height=\"893\" src=\"https:\/\/rosemariepoiarkov.net\/wp-content\/uploads\/2023\/09\/0002-1024x893.jpg\" class=\"attachment-large size-large wp-image-3843\" alt=\"Leseprobe &quot;Eine CD lang&quot; - &quot;Vor dem Sommer&quot;\" srcset=\"https:\/\/rosemariepoiarkov.net\/wp-content\/uploads\/2023\/09\/0002-1024x893.jpg 1024w, https:\/\/rosemariepoiarkov.net\/wp-content\/uploads\/2023\/09\/0002-300x262.jpg 300w, https:\/\/rosemariepoiarkov.net\/wp-content\/uploads\/2023\/09\/0002-768x670.jpg 768w, https:\/\/rosemariepoiarkov.net\/wp-content\/uploads\/2023\/09\/0002-1536x1339.jpg 1536w, https:\/\/rosemariepoiarkov.net\/wp-content\/uploads\/2023\/09\/0002-2048x1786.jpg 2048w\" sizes=\"(max-width: 1024px) 100vw, 1024px\" \/>\t\t\t\t\t\t\t\t\t\t\t\t\t\t\t<\/div>\n\t\t\t\t<\/div>\n\t\t\t\t\t<\/div>\n\t\t<\/div>\n\t\t\t\t\t<\/div>\n\t\t<\/section>\n\t\t\t\t<section class=\"elementor-section elementor-top-section elementor-element elementor-element-e661519 elementor-section-boxed elementor-section-height-default elementor-section-height-default\" data-id=\"e661519\" data-element_type=\"section\" data-e-type=\"section\">\n\t\t\t\t\t\t<div class=\"elementor-container elementor-column-gap-default\">\n\t\t\t\t\t<div class=\"elementor-column elementor-col-100 elementor-top-column elementor-element elementor-element-11c0db7\" data-id=\"11c0db7\" data-element_type=\"column\" data-e-type=\"column\">\n\t\t\t<div class=\"elementor-widget-wrap elementor-element-populated\">\n\t\t\t\t\t\t<div class=\"elementor-element elementor-element-c07b7c4 elementor-widget elementor-widget-image\" data-id=\"c07b7c4\" data-element_type=\"widget\" data-e-type=\"widget\" data-widget_type=\"image.default\">\n\t\t\t\t<div class=\"elementor-widget-container\">\n\t\t\t\t\t\t\t\t\t\t\t\t\t\t\t<img decoding=\"async\" width=\"1024\" height=\"901\" src=\"https:\/\/rosemariepoiarkov.net\/wp-content\/uploads\/2023\/09\/0003-1024x901.jpg\" class=\"attachment-large size-large wp-image-3844\" alt=\"Leseprobe &quot;Eine CD lang&quot; - &quot;Vor dem Sommer&quot;\" srcset=\"https:\/\/rosemariepoiarkov.net\/wp-content\/uploads\/2023\/09\/0003-1024x901.jpg 1024w, https:\/\/rosemariepoiarkov.net\/wp-content\/uploads\/2023\/09\/0003-300x264.jpg 300w, https:\/\/rosemariepoiarkov.net\/wp-content\/uploads\/2023\/09\/0003-768x676.jpg 768w, https:\/\/rosemariepoiarkov.net\/wp-content\/uploads\/2023\/09\/0003-1536x1352.jpg 1536w, https:\/\/rosemariepoiarkov.net\/wp-content\/uploads\/2023\/09\/0003-2048x1802.jpg 2048w\" sizes=\"(max-width: 1024px) 100vw, 1024px\" \/>\t\t\t\t\t\t\t\t\t\t\t\t\t\t\t<\/div>\n\t\t\t\t<\/div>\n\t\t\t\t\t<\/div>\n\t\t<\/div>\n\t\t\t\t\t<\/div>\n\t\t<\/section>\n\t\t\t\t<section class=\"elementor-section elementor-top-section elementor-element elementor-element-5a81d74 elementor-section-boxed elementor-section-height-default elementor-section-height-default\" data-id=\"5a81d74\" data-element_type=\"section\" data-e-type=\"section\">\n\t\t\t\t\t\t<div class=\"elementor-container elementor-column-gap-default\">\n\t\t\t\t\t<div class=\"elementor-column elementor-col-100 elementor-top-column elementor-element elementor-element-17154c4\" data-id=\"17154c4\" data-element_type=\"column\" data-e-type=\"column\">\n\t\t\t<div class=\"elementor-widget-wrap elementor-element-populated\">\n\t\t\t\t\t\t<div class=\"elementor-element elementor-element-1ae621f elementor-widget elementor-widget-image\" data-id=\"1ae621f\" data-element_type=\"widget\" data-e-type=\"widget\" data-widget_type=\"image.default\">\n\t\t\t\t<div class=\"elementor-widget-container\">\n\t\t\t\t\t\t\t\t\t\t\t\t\t\t\t<img loading=\"lazy\" decoding=\"async\" width=\"1024\" height=\"886\" src=\"https:\/\/rosemariepoiarkov.net\/wp-content\/uploads\/2023\/09\/0004-1024x886.jpg\" class=\"attachment-large size-large wp-image-3845\" alt=\"Leseprobe Rosemarie Poiarkov: &quot;Eine CD lang&quot; - &quot;Vor dem Sommer&quot;\" srcset=\"https:\/\/rosemariepoiarkov.net\/wp-content\/uploads\/2023\/09\/0004-1024x886.jpg 1024w, https:\/\/rosemariepoiarkov.net\/wp-content\/uploads\/2023\/09\/0004-300x259.jpg 300w, https:\/\/rosemariepoiarkov.net\/wp-content\/uploads\/2023\/09\/0004-768x664.jpg 768w, https:\/\/rosemariepoiarkov.net\/wp-content\/uploads\/2023\/09\/0004-1536x1328.jpg 1536w, https:\/\/rosemariepoiarkov.net\/wp-content\/uploads\/2023\/09\/0004-2048x1771.jpg 2048w\" sizes=\"(max-width: 1024px) 100vw, 1024px\" \/>\t\t\t\t\t\t\t\t\t\t\t\t\t\t\t<\/div>\n\t\t\t\t<\/div>\n\t\t\t\t\t<\/div>\n\t\t<\/div>\n\t\t\t\t\t<\/div>\n\t\t<\/section>\n\t\t\t\t<\/div>\n\t\t","protected":false},"excerpt":{"rendered":"","protected":false},"author":1,"featured_media":2083,"parent":2597,"menu_order":0,"comment_status":"closed","ping_status":"closed","template":"","meta":{"site-sidebar-layout":"no-sidebar","site-content-layout":"page-builder","ast-site-content-layout":"default","site-content-style":"default","site-sidebar-style":"default","ast-global-header-display":"","ast-banner-title-visibility":"","ast-main-header-display":"","ast-hfb-above-header-display":"","ast-hfb-below-header-display":"","ast-hfb-mobile-header-display":"","site-post-title":"disabled","ast-breadcrumbs-content":"","ast-featured-img":"","footer-sml-layout":"","ast-disable-related-posts":"","theme-transparent-header-meta":"","adv-header-id-meta":"","stick-header-meta":"","header-above-stick-meta":"","header-main-stick-meta":"","header-below-stick-meta":"","astra-migrate-meta-layouts":"set","ast-page-background-enabled":"default","ast-page-background-meta":{"desktop":{"background-color":"var(--ast-global-color-4)","background-image":"","background-repeat":"repeat","background-position":"center center","background-size":"auto","background-attachment":"scroll","background-type":"","background-media":"","overlay-type":"","overlay-color":"","overlay-opacity":"","overlay-gradient":""},"tablet":{"background-color":"","background-image":"","background-repeat":"repeat","background-position":"center center","background-size":"auto","background-attachment":"scroll","background-type":"","background-media":"","overlay-type":"","overlay-color":"","overlay-opacity":"","overlay-gradient":""},"mobile":{"background-color":"","background-image":"","background-repeat":"repeat","background-position":"center center","background-size":"auto","background-attachment":"scroll","background-type":"","background-media":"","overlay-type":"","overlay-color":"","overlay-opacity":"","overlay-gradient":""}},"ast-content-background-meta":{"desktop":{"background-color":"var(--ast-global-color-5)","background-image":"","background-repeat":"repeat","background-position":"center center","background-size":"auto","background-attachment":"scroll","background-type":"","background-media":"","overlay-type":"","overlay-color":"","overlay-opacity":"","overlay-gradient":""},"tablet":{"background-color":"var(--ast-global-color-5)","background-image":"","background-repeat":"repeat","background-position":"center center","background-size":"auto","background-attachment":"scroll","background-type":"","background-media":"","overlay-type":"","overlay-color":"","overlay-opacity":"","overlay-gradient":""},"mobile":{"background-color":"var(--ast-global-color-5)","background-image":"","background-repeat":"repeat","background-position":"center center","background-size":"auto","background-attachment":"scroll","background-type":"","background-media":"","overlay-type":"","overlay-color":"","overlay-opacity":"","overlay-gradient":""}},"footnotes":""},"class_list":["post-3840","page","type-page","status-publish","has-post-thumbnail","hentry"],"yoast_head":"<!-- This site is optimized with the Yoast SEO plugin v27.3 - https:\/\/yoast.com\/product\/yoast-seo-wordpress\/ -->\n<title>Vor dem Sommer (Leseprobe &quot;Eine CD lang&quot;) - Rosemarie Poiarkov<\/title>\n<meta name=\"description\" content=\"(...) immerhin will die in verz\u00fcckter Selbstapotheose durch Wien Zappelnde ein bisschen von ihrer \u201etiefen kosmosekstase\u201c an die grauen, eingeschlafenen U-Bahn-Gesichter abstrahlen: \u201edie menschen waren sch\u00f6n und gl\u00fccklich als sie mich sahen weil sie nur das gl\u00fcck in meinen augen sahen und mein leuchten sp\u00fcrten (....)\u201c. Gl\u00fcck ist nicht nur gesund, sondern auch ansteckend. Klaus N\u00fcchtern, Falter\" \/>\n<meta name=\"robots\" content=\"index, follow, max-snippet:-1, max-image-preview:large, max-video-preview:-1\" \/>\n<link rel=\"canonical\" href=\"https:\/\/rosemariepoiarkov.net\/index.php\/eine-cd-lang-liebesgeschichten\/vor-dem-sommer-leseprobe-eine-cd-lang\/\" \/>\n<meta property=\"og:locale\" content=\"de_DE\" \/>\n<meta property=\"og:type\" content=\"article\" \/>\n<meta property=\"og:title\" content=\"Vor dem Sommer (Leseprobe &quot;Eine CD lang&quot;) - Rosemarie Poiarkov\" \/>\n<meta property=\"og:description\" content=\"(...) immerhin will die in verz\u00fcckter Selbstapotheose durch Wien Zappelnde ein bisschen von ihrer \u201etiefen kosmosekstase\u201c an die grauen, eingeschlafenen U-Bahn-Gesichter abstrahlen: \u201edie menschen waren sch\u00f6n und gl\u00fccklich als sie mich sahen weil sie nur das gl\u00fcck in meinen augen sahen und mein leuchten sp\u00fcrten (....)\u201c. Gl\u00fcck ist nicht nur gesund, sondern auch ansteckend. Klaus N\u00fcchtern, Falter\" \/>\n<meta property=\"og:url\" content=\"https:\/\/rosemariepoiarkov.net\/index.php\/eine-cd-lang-liebesgeschichten\/vor-dem-sommer-leseprobe-eine-cd-lang\/\" \/>\n<meta property=\"og:site_name\" content=\"Rosemarie Poiarkov\" \/>\n<meta property=\"article:modified_time\" content=\"2023-10-10T17:11:27+00:00\" \/>\n<meta property=\"og:image\" content=\"https:\/\/rosemariepoiarkov.net\/wp-content\/uploads\/2023\/08\/Eine-CD-lang-Cover.jpg\" \/>\n\t<meta property=\"og:image:width\" content=\"510\" \/>\n\t<meta property=\"og:image:height\" content=\"1000\" \/>\n\t<meta property=\"og:image:type\" content=\"image\/jpeg\" \/>\n<meta name=\"twitter:card\" content=\"summary_large_image\" \/>\n<meta name=\"twitter:label1\" content=\"Gesch\u00e4tzte Lesezeit\" \/>\n\t<meta name=\"twitter:data1\" content=\"1 Minute\" \/>\n<script type=\"application\/ld+json\" class=\"yoast-schema-graph\">{\"@context\":\"https:\\\/\\\/schema.org\",\"@graph\":[{\"@type\":\"WebPage\",\"@id\":\"https:\\\/\\\/rosemariepoiarkov.net\\\/index.php\\\/eine-cd-lang-liebesgeschichten\\\/vor-dem-sommer-leseprobe-eine-cd-lang\\\/\",\"url\":\"https:\\\/\\\/rosemariepoiarkov.net\\\/index.php\\\/eine-cd-lang-liebesgeschichten\\\/vor-dem-sommer-leseprobe-eine-cd-lang\\\/\",\"name\":\"Vor dem Sommer (Leseprobe \\\"Eine CD lang\\\") - Rosemarie Poiarkov\",\"isPartOf\":{\"@id\":\"https:\\\/\\\/rosemariepoiarkov.net\\\/#website\"},\"primaryImageOfPage\":{\"@id\":\"https:\\\/\\\/rosemariepoiarkov.net\\\/index.php\\\/eine-cd-lang-liebesgeschichten\\\/vor-dem-sommer-leseprobe-eine-cd-lang\\\/#primaryimage\"},\"image\":{\"@id\":\"https:\\\/\\\/rosemariepoiarkov.net\\\/index.php\\\/eine-cd-lang-liebesgeschichten\\\/vor-dem-sommer-leseprobe-eine-cd-lang\\\/#primaryimage\"},\"thumbnailUrl\":\"https:\\\/\\\/rosemariepoiarkov.net\\\/wp-content\\\/uploads\\\/2023\\\/08\\\/Eine-CD-lang-Cover.jpg\",\"datePublished\":\"2023-09-06T11:49:43+00:00\",\"dateModified\":\"2023-10-10T17:11:27+00:00\",\"description\":\"(...) immerhin will die in verz\u00fcckter Selbstapotheose durch Wien Zappelnde ein bisschen von ihrer \u201etiefen kosmosekstase\u201c an die grauen, eingeschlafenen U-Bahn-Gesichter abstrahlen: \u201edie menschen waren sch\u00f6n und gl\u00fccklich als sie mich sahen weil sie nur das gl\u00fcck in meinen augen sahen und mein leuchten sp\u00fcrten (....)\u201c. Gl\u00fcck ist nicht nur gesund, sondern auch ansteckend. Klaus N\u00fcchtern, Falter\",\"breadcrumb\":{\"@id\":\"https:\\\/\\\/rosemariepoiarkov.net\\\/index.php\\\/eine-cd-lang-liebesgeschichten\\\/vor-dem-sommer-leseprobe-eine-cd-lang\\\/#breadcrumb\"},\"inLanguage\":\"de-AT\",\"potentialAction\":[{\"@type\":\"ReadAction\",\"target\":[\"https:\\\/\\\/rosemariepoiarkov.net\\\/index.php\\\/eine-cd-lang-liebesgeschichten\\\/vor-dem-sommer-leseprobe-eine-cd-lang\\\/\"]}]},{\"@type\":\"ImageObject\",\"inLanguage\":\"de-AT\",\"@id\":\"https:\\\/\\\/rosemariepoiarkov.net\\\/index.php\\\/eine-cd-lang-liebesgeschichten\\\/vor-dem-sommer-leseprobe-eine-cd-lang\\\/#primaryimage\",\"url\":\"https:\\\/\\\/rosemariepoiarkov.net\\\/wp-content\\\/uploads\\\/2023\\\/08\\\/Eine-CD-lang-Cover.jpg\",\"contentUrl\":\"https:\\\/\\\/rosemariepoiarkov.net\\\/wp-content\\\/uploads\\\/2023\\\/08\\\/Eine-CD-lang-Cover.jpg\",\"width\":510,\"height\":1000,\"caption\":\"Rosemarie Poiarkov \\\"Eine CD lang\\\", Liebesgeschichten: Eine junge Frau von hinten, der Kopf ist nicht zu sehen: schwarze Sommerhose, schwarzes, \u00e4rmelloses Shirt, Sandalen mit leichtem, dickem Absatz; Hintergrund ist hellt\u00fcrkis\"},{\"@type\":\"BreadcrumbList\",\"@id\":\"https:\\\/\\\/rosemariepoiarkov.net\\\/index.php\\\/eine-cd-lang-liebesgeschichten\\\/vor-dem-sommer-leseprobe-eine-cd-lang\\\/#breadcrumb\",\"itemListElement\":[{\"@type\":\"ListItem\",\"position\":1,\"name\":\"Startseite\",\"item\":\"https:\\\/\\\/rosemariepoiarkov.net\\\/\"},{\"@type\":\"ListItem\",\"position\":2,\"name\":\"Eine CD lang. Liebesgeschichten\",\"item\":\"https:\\\/\\\/rosemariepoiarkov.net\\\/index.php\\\/eine-cd-lang-liebesgeschichten\\\/\"},{\"@type\":\"ListItem\",\"position\":3,\"name\":\"Vor dem Sommer (Leseprobe &#8222;Eine CD lang&#8220;)\"}]},{\"@type\":\"WebSite\",\"@id\":\"https:\\\/\\\/rosemariepoiarkov.net\\\/#website\",\"url\":\"https:\\\/\\\/rosemariepoiarkov.net\\\/\",\"name\":\"Rosemarie Poiarkov\",\"description\":\"Autorin (Prosa &amp; dramatische Texte), Schreib- &amp; Theaterworkshop-Leiterin\",\"publisher\":{\"@id\":\"https:\\\/\\\/rosemariepoiarkov.net\\\/#\\\/schema\\\/person\\\/cb444e894cb729ef77e582e3d721a3ac\"},\"potentialAction\":[{\"@type\":\"SearchAction\",\"target\":{\"@type\":\"EntryPoint\",\"urlTemplate\":\"https:\\\/\\\/rosemariepoiarkov.net\\\/?s={search_term_string}\"},\"query-input\":{\"@type\":\"PropertyValueSpecification\",\"valueRequired\":true,\"valueName\":\"search_term_string\"}}],\"inLanguage\":\"de-AT\"},{\"@type\":[\"Person\",\"Organization\"],\"@id\":\"https:\\\/\\\/rosemariepoiarkov.net\\\/#\\\/schema\\\/person\\\/cb444e894cb729ef77e582e3d721a3ac\",\"name\":\"Rosemarie Poiarkov\",\"image\":{\"@type\":\"ImageObject\",\"inLanguage\":\"de-AT\",\"@id\":\"https:\\\/\\\/rosemariepoiarkov.net\\\/wp-content\\\/uploads\\\/2023\\\/08\\\/rosemarie-poiarkov_funkhaus-wien.jpg\",\"url\":\"https:\\\/\\\/rosemariepoiarkov.net\\\/wp-content\\\/uploads\\\/2023\\\/08\\\/rosemarie-poiarkov_funkhaus-wien.jpg\",\"contentUrl\":\"https:\\\/\\\/rosemariepoiarkov.net\\\/wp-content\\\/uploads\\\/2023\\\/08\\\/rosemarie-poiarkov_funkhaus-wien.jpg\",\"width\":2560,\"height\":1707,\"caption\":\"Rosemarie Poiarkov\"},\"logo\":{\"@id\":\"https:\\\/\\\/rosemariepoiarkov.net\\\/wp-content\\\/uploads\\\/2023\\\/08\\\/rosemarie-poiarkov_funkhaus-wien.jpg\"},\"description\":\"schreibt als Autorin Prosa (f\u00fcr Erwachsene, Kinder und Jugendliche) und dramatische Texte arbeitet bei Dramaturgie und Text bei Theaterperformances mit leitet theaterp\u00e4dagogische Workshops (besonders an Schulen) lebt in Wien\",\"sameAs\":[\"https:\\\/\\\/rosemariepoiarkov.net\"]}]}<\/script>\n<!-- \/ Yoast SEO plugin. -->","yoast_head_json":{"title":"Vor dem Sommer (Leseprobe \"Eine CD lang\") - Rosemarie Poiarkov","description":"(...) immerhin will die in verz\u00fcckter Selbstapotheose durch Wien Zappelnde ein bisschen von ihrer \u201etiefen kosmosekstase\u201c an die grauen, eingeschlafenen U-Bahn-Gesichter abstrahlen: \u201edie menschen waren sch\u00f6n und gl\u00fccklich als sie mich sahen weil sie nur das gl\u00fcck in meinen augen sahen und mein leuchten sp\u00fcrten (....)\u201c. Gl\u00fcck ist nicht nur gesund, sondern auch ansteckend. Klaus N\u00fcchtern, Falter","robots":{"index":"index","follow":"follow","max-snippet":"max-snippet:-1","max-image-preview":"max-image-preview:large","max-video-preview":"max-video-preview:-1"},"canonical":"https:\/\/rosemariepoiarkov.net\/index.php\/eine-cd-lang-liebesgeschichten\/vor-dem-sommer-leseprobe-eine-cd-lang\/","og_locale":"de_DE","og_type":"article","og_title":"Vor dem Sommer (Leseprobe \"Eine CD lang\") - Rosemarie Poiarkov","og_description":"(...) immerhin will die in verz\u00fcckter Selbstapotheose durch Wien Zappelnde ein bisschen von ihrer \u201etiefen kosmosekstase\u201c an die grauen, eingeschlafenen U-Bahn-Gesichter abstrahlen: \u201edie menschen waren sch\u00f6n und gl\u00fccklich als sie mich sahen weil sie nur das gl\u00fcck in meinen augen sahen und mein leuchten sp\u00fcrten (....)\u201c. Gl\u00fcck ist nicht nur gesund, sondern auch ansteckend. Klaus N\u00fcchtern, Falter","og_url":"https:\/\/rosemariepoiarkov.net\/index.php\/eine-cd-lang-liebesgeschichten\/vor-dem-sommer-leseprobe-eine-cd-lang\/","og_site_name":"Rosemarie Poiarkov","article_modified_time":"2023-10-10T17:11:27+00:00","og_image":[{"width":510,"height":1000,"url":"https:\/\/rosemariepoiarkov.net\/wp-content\/uploads\/2023\/08\/Eine-CD-lang-Cover.jpg","type":"image\/jpeg"}],"twitter_card":"summary_large_image","twitter_misc":{"Gesch\u00e4tzte Lesezeit":"1 Minute"},"schema":{"@context":"https:\/\/schema.org","@graph":[{"@type":"WebPage","@id":"https:\/\/rosemariepoiarkov.net\/index.php\/eine-cd-lang-liebesgeschichten\/vor-dem-sommer-leseprobe-eine-cd-lang\/","url":"https:\/\/rosemariepoiarkov.net\/index.php\/eine-cd-lang-liebesgeschichten\/vor-dem-sommer-leseprobe-eine-cd-lang\/","name":"Vor dem Sommer (Leseprobe \"Eine CD lang\") - Rosemarie Poiarkov","isPartOf":{"@id":"https:\/\/rosemariepoiarkov.net\/#website"},"primaryImageOfPage":{"@id":"https:\/\/rosemariepoiarkov.net\/index.php\/eine-cd-lang-liebesgeschichten\/vor-dem-sommer-leseprobe-eine-cd-lang\/#primaryimage"},"image":{"@id":"https:\/\/rosemariepoiarkov.net\/index.php\/eine-cd-lang-liebesgeschichten\/vor-dem-sommer-leseprobe-eine-cd-lang\/#primaryimage"},"thumbnailUrl":"https:\/\/rosemariepoiarkov.net\/wp-content\/uploads\/2023\/08\/Eine-CD-lang-Cover.jpg","datePublished":"2023-09-06T11:49:43+00:00","dateModified":"2023-10-10T17:11:27+00:00","description":"(...) immerhin will die in verz\u00fcckter Selbstapotheose durch Wien Zappelnde ein bisschen von ihrer \u201etiefen kosmosekstase\u201c an die grauen, eingeschlafenen U-Bahn-Gesichter abstrahlen: \u201edie menschen waren sch\u00f6n und gl\u00fccklich als sie mich sahen weil sie nur das gl\u00fcck in meinen augen sahen und mein leuchten sp\u00fcrten (....)\u201c. Gl\u00fcck ist nicht nur gesund, sondern auch ansteckend. Klaus N\u00fcchtern, Falter","breadcrumb":{"@id":"https:\/\/rosemariepoiarkov.net\/index.php\/eine-cd-lang-liebesgeschichten\/vor-dem-sommer-leseprobe-eine-cd-lang\/#breadcrumb"},"inLanguage":"de-AT","potentialAction":[{"@type":"ReadAction","target":["https:\/\/rosemariepoiarkov.net\/index.php\/eine-cd-lang-liebesgeschichten\/vor-dem-sommer-leseprobe-eine-cd-lang\/"]}]},{"@type":"ImageObject","inLanguage":"de-AT","@id":"https:\/\/rosemariepoiarkov.net\/index.php\/eine-cd-lang-liebesgeschichten\/vor-dem-sommer-leseprobe-eine-cd-lang\/#primaryimage","url":"https:\/\/rosemariepoiarkov.net\/wp-content\/uploads\/2023\/08\/Eine-CD-lang-Cover.jpg","contentUrl":"https:\/\/rosemariepoiarkov.net\/wp-content\/uploads\/2023\/08\/Eine-CD-lang-Cover.jpg","width":510,"height":1000,"caption":"Rosemarie Poiarkov \"Eine CD lang\", Liebesgeschichten: Eine junge Frau von hinten, der Kopf ist nicht zu sehen: schwarze Sommerhose, schwarzes, \u00e4rmelloses Shirt, Sandalen mit leichtem, dickem Absatz; Hintergrund ist hellt\u00fcrkis"},{"@type":"BreadcrumbList","@id":"https:\/\/rosemariepoiarkov.net\/index.php\/eine-cd-lang-liebesgeschichten\/vor-dem-sommer-leseprobe-eine-cd-lang\/#breadcrumb","itemListElement":[{"@type":"ListItem","position":1,"name":"Startseite","item":"https:\/\/rosemariepoiarkov.net\/"},{"@type":"ListItem","position":2,"name":"Eine CD lang. Liebesgeschichten","item":"https:\/\/rosemariepoiarkov.net\/index.php\/eine-cd-lang-liebesgeschichten\/"},{"@type":"ListItem","position":3,"name":"Vor dem Sommer (Leseprobe &#8222;Eine CD lang&#8220;)"}]},{"@type":"WebSite","@id":"https:\/\/rosemariepoiarkov.net\/#website","url":"https:\/\/rosemariepoiarkov.net\/","name":"Rosemarie Poiarkov","description":"Autorin (Prosa &amp; dramatische Texte), Schreib- &amp; Theaterworkshop-Leiterin","publisher":{"@id":"https:\/\/rosemariepoiarkov.net\/#\/schema\/person\/cb444e894cb729ef77e582e3d721a3ac"},"potentialAction":[{"@type":"SearchAction","target":{"@type":"EntryPoint","urlTemplate":"https:\/\/rosemariepoiarkov.net\/?s={search_term_string}"},"query-input":{"@type":"PropertyValueSpecification","valueRequired":true,"valueName":"search_term_string"}}],"inLanguage":"de-AT"},{"@type":["Person","Organization"],"@id":"https:\/\/rosemariepoiarkov.net\/#\/schema\/person\/cb444e894cb729ef77e582e3d721a3ac","name":"Rosemarie Poiarkov","image":{"@type":"ImageObject","inLanguage":"de-AT","@id":"https:\/\/rosemariepoiarkov.net\/wp-content\/uploads\/2023\/08\/rosemarie-poiarkov_funkhaus-wien.jpg","url":"https:\/\/rosemariepoiarkov.net\/wp-content\/uploads\/2023\/08\/rosemarie-poiarkov_funkhaus-wien.jpg","contentUrl":"https:\/\/rosemariepoiarkov.net\/wp-content\/uploads\/2023\/08\/rosemarie-poiarkov_funkhaus-wien.jpg","width":2560,"height":1707,"caption":"Rosemarie Poiarkov"},"logo":{"@id":"https:\/\/rosemariepoiarkov.net\/wp-content\/uploads\/2023\/08\/rosemarie-poiarkov_funkhaus-wien.jpg"},"description":"schreibt als Autorin Prosa (f\u00fcr Erwachsene, Kinder und Jugendliche) und dramatische Texte arbeitet bei Dramaturgie und Text bei Theaterperformances mit leitet theaterp\u00e4dagogische Workshops (besonders an Schulen) lebt in Wien","sameAs":["https:\/\/rosemariepoiarkov.net"]}]}},"_links":{"self":[{"href":"https:\/\/rosemariepoiarkov.net\/index.php\/wp-json\/wp\/v2\/pages\/3840","targetHints":{"allow":["GET"]}}],"collection":[{"href":"https:\/\/rosemariepoiarkov.net\/index.php\/wp-json\/wp\/v2\/pages"}],"about":[{"href":"https:\/\/rosemariepoiarkov.net\/index.php\/wp-json\/wp\/v2\/types\/page"}],"author":[{"embeddable":true,"href":"https:\/\/rosemariepoiarkov.net\/index.php\/wp-json\/wp\/v2\/users\/1"}],"replies":[{"embeddable":true,"href":"https:\/\/rosemariepoiarkov.net\/index.php\/wp-json\/wp\/v2\/comments?post=3840"}],"version-history":[{"count":0,"href":"https:\/\/rosemariepoiarkov.net\/index.php\/wp-json\/wp\/v2\/pages\/3840\/revisions"}],"up":[{"embeddable":true,"href":"https:\/\/rosemariepoiarkov.net\/index.php\/wp-json\/wp\/v2\/pages\/2597"}],"wp:featuredmedia":[{"embeddable":true,"href":"https:\/\/rosemariepoiarkov.net\/index.php\/wp-json\/wp\/v2\/media\/2083"}],"wp:attachment":[{"href":"https:\/\/rosemariepoiarkov.net\/index.php\/wp-json\/wp\/v2\/media?parent=3840"}],"curies":[{"name":"wp","href":"https:\/\/api.w.org\/{rel}","templated":true}]}}